{"id":7872,"date":"2024-05-28T02:54:03","date_gmt":"2024-05-28T02:54:03","guid":{"rendered":"https:\/\/agrielektronik24.de\/kontakt\/"},"modified":"2025-09-29T21:56:21","modified_gmt":"2025-09-29T21:56:21","slug":"kontakt","status":"publish","type":"page","link":"https:\/\/agrielektronik24.de\/sv\/kontakt\/","title":{"rendered":"Kontakt"},"content":{"rendered":"\t\t<div data-elementor-type=\"wp-page\" data-elementor-id=\"7872\" class=\"elementor elementor-7872 elementor-166\" data-elementor-post-type=\"page\">\n\t\t\t\t\t\t<section class=\"elementor-section elementor-top-section elementor-element elementor-element-603e2d9 elementor-section-boxed elementor-section-height-default elementor-section-height-default\" data-id=\"603e2d9\" data-element_type=\"section\" data-settings=\"{&quot;jet_parallax_layout_list&quot;:[]}\">\n\t\t\t\t\t\t<div class=\"elementor-container elementor-column-gap-default\">\n\t\t\t\t\t<div class=\"elementor-column elementor-col-50 elementor-top-column elementor-element elementor-element-49ccc7b\" data-id=\"49ccc7b\" data-element_type=\"column\">\n\t\t\t<div class=\"elementor-widget-wrap elementor-element-populated\">\n\t\t\t\t\t\t<div class=\"elementor-element elementor-element-fcfa81a elementor-widget elementor-widget-heading\" data-id=\"fcfa81a\" data-element_type=\"widget\" data-widget_type=\"heading.default\">\n\t\t\t\t<div class=\"elementor-widget-container\">\n\t\t\t\t\t<h2 class=\"elementor-heading-title elementor-size-default\">Kontakt<\/h2>\t\t\t\t<\/div>\n\t\t\t\t<\/div>\n\t\t\t\t<div class=\"elementor-element elementor-element-2a8e473 elementor-widget elementor-widget-text-editor\" data-id=\"2a8e473\" data-element_type=\"widget\" data-widget_type=\"text-editor.default\">\n\t\t\t\t<div class=\"elementor-widget-container\">\n\t\t\t\t\t\t\t\t\t<p>Tachoreparatur24.com GmbH<br>Ysenburgerstr.6<br>63607 W\u00e4chtersbach<br>Verkstad Telefon: 06053-8097343<br>Telefon: 0171 \u2013 1694275<br>E-post: info@tachoreparatur24.com<\/p>\t\t\t\t\t\t\t\t<\/div>\n\t\t\t\t<\/div>\n\t\t\t\t<div class=\"elementor-element elementor-element-b1a5e8c elementor-widget elementor-widget-heading\" data-id=\"b1a5e8c\" data-element_type=\"widget\" data-widget_type=\"heading.default\">\n\t\t\t\t<div class=\"elementor-widget-container\">\n\t\t\t\t\t<h2 class=\"elementor-heading-title elementor-size-default\">\u00d6ppettider<\/h2>\t\t\t\t<\/div>\n\t\t\t\t<\/div>\n\t\t\t\t<div class=\"elementor-element elementor-element-69e293e elementor-widget elementor-widget-text-editor\" data-id=\"69e293e\" data-element_type=\"widget\" data-widget_type=\"text-editor.default\">\n\t\t\t\t<div class=\"elementor-widget-container\">\n\t\t\t\t\t\t\t\t\tM\u00e5ndag till fredag 9-17 och efter \u00f6verenskommelse\t\t\t\t\t\t\t\t<\/div>\n\t\t\t\t<\/div>\n\t\t\t\t<div class=\"elementor-element elementor-element-74e0b55 elementor-widget elementor-widget-html\" data-id=\"74e0b55\" data-element_type=\"widget\" data-widget_type=\"html.default\">\n\t\t\t\t<div class=\"elementor-widget-container\">\n\t\t\t\t\t<iframe src=\"https:\/\/www.google.com\/maps\/embed?pb=!1m18!1m12!1m3!1d23151.587118267755!2d9.278388670053832!3d50.24935841898168!2m3!1f0!2f0!3f0!3m2!1i1024!2i768!4f13.1!3m3!1m2!1s0x47bd28fb20e2b8f5%3A0x6301c6250a9cb58f!2sTachoreparatur24.com%20GmbH!5e0!3m2!1spl!2spl!4v1715047687868!5m2!1spl!2spl\" width=\"600\" height=\"350\" style=\"border:0;\" allowfullscreen=\"\" loading=\"lazy\" referrerpolicy=\"no-referrer-when-downgrade\"><\/iframe>\t\t\t\t<\/div>\n\t\t\t\t<\/div>\n\t\t\t\t\t<\/div>\n\t\t<\/div>\n\t\t\t\t<div class=\"elementor-column elementor-col-50 elementor-top-column elementor-element elementor-element-b5f7255\" data-id=\"b5f7255\" data-element_type=\"column\">\n\t\t\t<div class=\"elementor-widget-wrap elementor-element-populated\">\n\t\t\t\t\t\t<div class=\"elementor-element elementor-element-9acad0b elementor-invisible elementor-widget elementor-widget-shortcode\" data-id=\"9acad0b\" data-element_type=\"widget\" data-settings=\"{&quot;_animation&quot;:&quot;fadeInRight&quot;}\" data-widget_type=\"shortcode.default\">\n\t\t\t\t<div class=\"elementor-widget-container\">\n\t\t\t\t\t\t\t<div class=\"elementor-shortcode\"><div class=\"forminator-ui forminator-custom-form forminator-custom-form-11883 forminator-design--material  forminator_ajax\" data-forminator-render=\"0\" data-form=\"forminator-module-11883\" data-uid=\"69da3a28b105e\"><br\/><\/div><form\n\t\t\t\tid=\"forminator-module-11883\"\n\t\t\t\tclass=\"forminator-ui forminator-custom-form forminator-custom-form-11883 forminator-design--material  forminator_ajax\"\n\t\t\t\tmethod=\"post\"\n\t\t\t\tdata-forminator-render=\"0\"\n\t\t\t\tdata-form-id=\"11883\"\n\t\t\t\t\n\t\t\t\tdata-design=\"material\"\n\t\t\t\tdata-color-option=\"default\"\n\t\t\t\t\n\t\t\t\t\n\t\t\t\t\n\t\t\t\tdata-grid=\"open\"\n\t\t\t\t\n\t\t\t\t\n\t\t\t\tstyle=\"display: none;\"\n\t\t\t\t\n\t\t\t\tdata-uid=\"69da3a28b105e\"\n\t\t\t><div role=\"alert\" aria-live=\"polite\" class=\"forminator-response-message forminator-error\" aria-hidden=\"true\"><\/div><div class=\"forminator-row\"><div id=\"name-1\" class=\"forminator-field-name forminator-col forminator-col-12 \"><div class=\"forminator-field\"><label for=\"forminator-field-name-1_69da3a28b105e\" id=\"forminator-field-name-1_69da3a28b105e-label\" class=\"forminator-label\">Ditt namn <span class=\"forminator-required\">*<\/span><\/label><input type=\"text\" name=\"name-1\" value=\"\" placeholder=\"\" id=\"forminator-field-name-1_69da3a28b105e\" class=\"forminator-input forminator-name--field\" aria-required=\"true\" \/><\/div><\/div><\/div><div class=\"forminator-row\"><div id=\"email-1\" class=\"forminator-field-email forminator-col forminator-col-12 \"><div class=\"forminator-field\"><label for=\"forminator-field-email-1_69da3a28b105e\" id=\"forminator-field-email-1_69da3a28b105e-label\" class=\"forminator-label\">Din e-postadress <span class=\"forminator-required\">*<\/span><\/label><input type=\"email\" name=\"email-1\" value=\"\" placeholder=\"\" id=\"forminator-field-email-1_69da3a28b105e\" class=\"forminator-input forminator-email--field\" data-required=\"true\" aria-required=\"true\" \/><\/div><\/div><\/div><div class=\"forminator-row\"><div id=\"text-1\" class=\"forminator-field-text forminator-col forminator-col-12 \"><div class=\"forminator-field\"><label for=\"forminator-field-text-1_69da3a28b105e\" id=\"forminator-field-text-1_69da3a28b105e-label\" class=\"forminator-label\">\u00c4mne <span class=\"forminator-required\">*<\/span><\/label><input type=\"text\" name=\"text-1\" value=\"\" placeholder=\"\" id=\"forminator-field-text-1_69da3a28b105e\" class=\"forminator-input forminator-name--field\" data-required=\"1\" \/><\/div><\/div><\/div><div class=\"forminator-row\"><div id=\"textarea-1\" class=\"forminator-field-textarea forminator-col forminator-col-12 \"><div class=\"forminator-field\"><label for=\"forminator-field-textarea-1_69da3a28b105e\" id=\"forminator-field-textarea-1_69da3a28b105e-label\" class=\"forminator-label\">F\u00f6rs\u00f6k att beskriva ditt problem s\u00e5 tydligt som m\u00f6jligt <span class=\"forminator-required\">*<\/span><\/label><textarea name=\"textarea-1\" placeholder=\"\" id=\"forminator-field-textarea-1_69da3a28b105e\" class=\"forminator-textarea\" rows=\"6\" style=\"min-height:140px;\" maxlength=\"180\" ><\/textarea><span id=\"forminator-field-textarea-1_69da3a28b105e-description\" class=\"forminator-description\"><span data-limit=\"180\" data-type=\"characters\" data-editor=\"\">0 \/ 180<\/span><\/span><\/div><\/div><\/div><div class=\"forminator-row\"><div id=\"checkbox-1\" class=\"forminator-field-checkbox forminator-col forminator-col-12 \"><div role=\"group\" class=\"forminator-field required\" aria-labelledby=\"forminator-checkbox-group-forminator-field-checkbox-1-69da3a28b105e-label\"><label id=\"forminator-field-checkbox-1-1-69da3a28b105e-label\" for=\"forminator-field-checkbox-1-1-69da3a28b105e\" class=\"forminator-checkbox\" title=\"Jag samtycker till att mina uppgifter fr\u00e5n kontaktformul\u00e4ret samlas in och behandlas f\u00f6r att besvara min f\u00f6rfr\u00e5gan. Observera: Du kan n\u00e4r som helst \u00e5terkalla ditt samtycke f\u00f6r framtiden via e-post till info@tachoreparatur24.com. Detaljerad information om hur vi hanterar anv\u00e4ndardata finns i v\u00e5r integritetspolicy.\"><input type=\"checkbox\" name=\"checkbox-1[]\" value=\"one\" id=\"forminator-field-checkbox-1-1-69da3a28b105e\" aria-labelledby=\"forminator-field-checkbox-1-1-69da3a28b105e-label\" data-calculation=\"0\"   data-hidden-behavior=\"zero\"\/><span class=\"forminator-checkbox-box\" aria-hidden=\"true\"><\/span><span class=\"forminator-checkbox-label\">Jag samtycker till att mina uppgifter fr\u00e5n kontaktformul\u00e4ret samlas in och behandlas f\u00f6r att besvara min f\u00f6rfr\u00e5gan. Observera: Du kan n\u00e4r som helst \u00e5terkalla ditt samtycke f\u00f6r framtiden via e-post till info@tachoreparatur24.com. Detaljerad information om hur vi hanterar anv\u00e4ndardata finns i v\u00e5r integritetspolicy.<\/span><\/label><\/div><\/div><\/div><div class=\"forminator-row\"><div id=\"captcha-1\" class=\"forminator-field-captcha forminator-col forminator-col-12 \"><div class=\"forminator-captcha-left forminator-g-recaptcha recaptcha-invisible\" data-theme=\"light\" data-badge=\"inline\" data-sitekey=\"6Lc-xtoqAAAAAPch30004OScqnwUZdkQmPCHlJ86\" data-size=\"invisible\"><\/div> <\/div><\/div><input type=\"hidden\" name=\"referer_url\" value=\"\" \/><div class=\"forminator-row forminator-row-last\"><div class=\"forminator-col\"><div class=\"forminator-field\"><button class=\"forminator-button forminator-button-submit\"><span>SKICKA<\/span><span aria-hidden=\"true\"><\/span><\/button><\/div><\/div><\/div><input type=\"hidden\" id=\"forminator_nonce\" name=\"forminator_nonce\" value=\"2ea4650a8b\" \/><input type=\"hidden\" name=\"_wp_http_referer\" value=\"\/sv\/wp-json\/wp\/v2\/pages\/7872\" \/><input type=\"hidden\" name=\"form_id\" value=\"11883\"><input type=\"hidden\" name=\"page_id\" value=\"7872\"><input type=\"hidden\" name=\"form_type\" value=\"default\"><input type=\"hidden\" name=\"current_url\" value=\"https:\/\/agrielektronik24.de\/sv\/kontakt\/\"><input type=\"hidden\" name=\"render_id\" value=\"0\"><input type=\"hidden\" name=\"action\" value=\"forminator_submit_form_custom-forms\"><label for=\"input_6\" class=\"forminator-hidden\" aria-hidden=\"true\">V\u00e4nligen fyll inte i detta f\u00e4lt. <input id=\"input_6\" type=\"text\" name=\"input_6\" value=\"\" autocomplete=\"off\"><\/label><\/form><\/div>\n\t\t\t\t\t\t<\/div>\n\t\t\t\t<\/div>\n\t\t\t\t\t<\/div>\n\t\t<\/div>\n\t\t\t\t\t<\/div>\n\t\t<\/section>\n\t\t\t\t<\/div>\n\t\t","protected":false},"excerpt":{"rendered":"<p>Kontakt Tachoreparatur24.com GmbHYsenburgerstr.663607 W\u00e4chtersbachVerkstad Telefon: 06053-8097343Telefon: 0171 \u2013 1694275E-post: info@tachoreparatur24.com \u00d6ppettider M\u00e5ndag till fredag 9-17 och efter \u00f6verenskommelse<\/p>\n","protected":false},"author":1,"featured_media":0,"parent":0,"menu_order":0,"comment_status":"closed","ping_status":"closed","template":"","meta":{"footnotes":""},"class_list":["post-7872","page","type-page","status-publish","hentry"],"_links":{"self":[{"href":"https:\/\/agrielektronik24.de\/sv\/wp-json\/wp\/v2\/pages\/7872","targetHints":{"allow":["GET"]}}],"collection":[{"href":"https:\/\/agrielektronik24.de\/sv\/wp-json\/wp\/v2\/pages"}],"about":[{"href":"https:\/\/agrielektronik24.de\/sv\/wp-json\/wp\/v2\/types\/page"}],"author":[{"embeddable":true,"href":"https:\/\/agrielektronik24.de\/sv\/wp-json\/wp\/v2\/users\/1"}],"replies":[{"embeddable":true,"href":"https:\/\/agrielektronik24.de\/sv\/wp-json\/wp\/v2\/comments?post=7872"}],"version-history":[{"count":5,"href":"https:\/\/agrielektronik24.de\/sv\/wp-json\/wp\/v2\/pages\/7872\/revisions"}],"predecessor-version":[{"id":11926,"href":"https:\/\/agrielektronik24.de\/sv\/wp-json\/wp\/v2\/pages\/7872\/revisions\/11926"}],"wp:attachment":[{"href":"https:\/\/agrielektronik24.de\/sv\/wp-json\/wp\/v2\/media?parent=7872"}],"curies":[{"name":"wp","href":"https:\/\/api.w.org\/{rel}","templated":true}]}}