{"id":3107,"date":"2024-05-28T02:10:18","date_gmt":"2024-05-28T02:10:18","guid":{"rendered":"https:\/\/agrielektronik24.de\/impressum\/"},"modified":"2025-10-01T00:05:32","modified_gmt":"2025-10-01T00:05:32","slug":"impressum","status":"publish","type":"page","link":"https:\/\/agrielektronik24.de\/sv\/impressum\/","title":{"rendered":"Impressum"},"content":{"rendered":"\t\t<div data-elementor-type=\"wp-page\" data-elementor-id=\"3107\" class=\"elementor elementor-3107 elementor-132\" data-elementor-post-type=\"page\">\n\t\t\t\t\t\t<section class=\"elementor-section elementor-top-section elementor-element elementor-element-a4d0fc4 elementor-section-boxed elementor-section-height-default elementor-section-height-default\" data-id=\"a4d0fc4\" data-element_type=\"section\" data-settings=\"{&quot;jet_parallax_layout_list&quot;:[],&quot;background_background&quot;:&quot;classic&quot;}\">\n\t\t\t\t\t\t<div class=\"elementor-container elementor-column-gap-default\">\n\t\t\t\t\t<div class=\"elementor-column elementor-col-100 elementor-top-column elementor-element elementor-element-8377af1\" data-id=\"8377af1\" data-element_type=\"column\">\n\t\t\t<div class=\"elementor-widget-wrap elementor-element-populated\">\n\t\t\t\t\t\t<div class=\"elementor-element elementor-element-3e3f123 elementor-widget elementor-widget-spacer\" data-id=\"3e3f123\" data-element_type=\"widget\" data-widget_type=\"spacer.default\">\n\t\t\t\t<div class=\"elementor-widget-container\">\n\t\t\t\t\t\t\t<div class=\"elementor-spacer\">\n\t\t\t<div class=\"elementor-spacer-inner\"><\/div>\n\t\t<\/div>\n\t\t\t\t\t\t<\/div>\n\t\t\t\t<\/div>\n\t\t\t\t<div class=\"elementor-element elementor-element-80be047 elementor-widget elementor-widget-heading\" data-id=\"80be047\" data-element_type=\"widget\" data-widget_type=\"heading.default\">\n\t\t\t\t<div class=\"elementor-widget-container\">\n\t\t\t\t\t<h2 class=\"elementor-heading-title elementor-size-default\">Impressum \u2013 Tachoreperatur24.com GmbH<\/h2>\t\t\t\t<\/div>\n\t\t\t\t<\/div>\n\t\t\t\t<div class=\"elementor-element elementor-element-d63cf6d elementor-widget elementor-widget-spacer\" data-id=\"d63cf6d\" data-element_type=\"widget\" data-widget_type=\"spacer.default\">\n\t\t\t\t<div class=\"elementor-widget-container\">\n\t\t\t\t\t\t\t<div class=\"elementor-spacer\">\n\t\t\t<div class=\"elementor-spacer-inner\"><\/div>\n\t\t<\/div>\n\t\t\t\t\t\t<\/div>\n\t\t\t\t<\/div>\n\t\t\t\t\t<\/div>\n\t\t<\/div>\n\t\t\t\t\t<\/div>\n\t\t<\/section>\n\t\t\t\t<section class=\"elementor-section elementor-top-section elementor-element elementor-element-4123271 elementor-section-boxed elementor-section-height-default elementor-section-height-default\" data-id=\"4123271\" data-element_type=\"section\" data-settings=\"{&quot;jet_parallax_layout_list&quot;:[],&quot;background_background&quot;:&quot;classic&quot;}\">\n\t\t\t\t\t\t<div class=\"elementor-container elementor-column-gap-default\">\n\t\t\t\t\t<div class=\"elementor-column elementor-col-33 elementor-top-column elementor-element elementor-element-097918a\" data-id=\"097918a\" data-element_type=\"column\">\n\t\t\t<div class=\"elementor-widget-wrap elementor-element-populated\">\n\t\t\t\t\t\t<div class=\"elementor-element elementor-element-c407791 elementor-widget elementor-widget-heading\" data-id=\"c407791\" data-element_type=\"widget\" data-widget_type=\"heading.default\">\n\t\t\t\t<div class=\"elementor-widget-container\">\n\t\t\t\t\t<h2 class=\"elementor-heading-title elementor-size-default\">Uppgifter enligt \u00a7 5 TMG:<\/h2>\t\t\t\t<\/div>\n\t\t\t\t<\/div>\n\t\t\t\t<div class=\"elementor-element elementor-element-93f7fcb elementor-widget elementor-widget-text-editor\" data-id=\"93f7fcb\" data-element_type=\"widget\" data-widget_type=\"text-editor.default\">\n\t\t\t\t<div class=\"elementor-widget-container\">\n\t\t\t\t\t\t\t\t\t<p>Johann Schuster<\/p><p>Ysenburgerstr.6<\/p><p>63607 W\u00e4chtersbach<\/p>\t\t\t\t\t\t\t\t<\/div>\n\t\t\t\t<\/div>\n\t\t\t\t\t<\/div>\n\t\t<\/div>\n\t\t\t\t<div class=\"elementor-column elementor-col-33 elementor-top-column elementor-element elementor-element-006756a\" data-id=\"006756a\" data-element_type=\"column\">\n\t\t\t<div class=\"elementor-widget-wrap elementor-element-populated\">\n\t\t\t\t\t\t<div class=\"elementor-element elementor-element-f1d1fcc elementor-widget elementor-widget-heading\" data-id=\"f1d1fcc\" data-element_type=\"widget\" data-widget_type=\"heading.default\">\n\t\t\t\t<div class=\"elementor-widget-container\">\n\t\t\t\t\t<h2 class=\"elementor-heading-title elementor-size-default\">Kontakt:<\/h2>\t\t\t\t<\/div>\n\t\t\t\t<\/div>\n\t\t\t\t<div class=\"elementor-element elementor-element-09c569f elementor-widget elementor-widget-text-editor\" data-id=\"09c569f\" data-element_type=\"widget\" data-widget_type=\"text-editor.default\">\n\t\t\t\t<div class=\"elementor-widget-container\">\n\t\t\t\t\t\t\t\t\t<p>Telefon: 06053-8097343<\/p><p>E-post: info@tachoreperatur24.com<\/p>\t\t\t\t\t\t\t\t<\/div>\n\t\t\t\t<\/div>\n\t\t\t\t\t<\/div>\n\t\t<\/div>\n\t\t\t\t<div class=\"elementor-column elementor-col-33 elementor-top-column elementor-element elementor-element-447baf7\" data-id=\"447baf7\" data-element_type=\"column\">\n\t\t\t<div class=\"elementor-widget-wrap elementor-element-populated\">\n\t\t\t\t\t\t<div class=\"elementor-element elementor-element-cf8a390 elementor-widget elementor-widget-heading\" data-id=\"cf8a390\" data-element_type=\"widget\" data-widget_type=\"heading.default\">\n\t\t\t\t<div class=\"elementor-widget-container\">\n\t\t\t\t\t<h2 class=\"elementor-heading-title elementor-size-default\">F\u00f6retr\u00e4ds av:<\/h2>\t\t\t\t<\/div>\n\t\t\t\t<\/div>\n\t\t\t\t<div class=\"elementor-element elementor-element-b4a4667 elementor-widget elementor-widget-text-editor\" data-id=\"b4a4667\" data-element_type=\"widget\" data-widget_type=\"text-editor.default\">\n\t\t\t\t<div class=\"elementor-widget-container\">\n\t\t\t\t\t\t\t\t\t<p>Johann Schuster<\/p>\t\t\t\t\t\t\t\t<\/div>\n\t\t\t\t<\/div>\n\t\t\t\t\t<\/div>\n\t\t<\/div>\n\t\t\t\t\t<\/div>\n\t\t<\/section>\n\t\t\t\t<section class=\"elementor-section elementor-top-section elementor-element elementor-element-f354fcc elementor-section-boxed elementor-section-height-default elementor-section-height-default\" data-id=\"f354fcc\" data-element_type=\"section\" data-settings=\"{&quot;jet_parallax_layout_list&quot;:[],&quot;background_background&quot;:&quot;classic&quot;}\">\n\t\t\t\t\t\t<div class=\"elementor-container elementor-column-gap-default\">\n\t\t\t\t\t<div class=\"elementor-column elementor-col-50 elementor-top-column elementor-element elementor-element-b6f7f21\" data-id=\"b6f7f21\" data-element_type=\"column\">\n\t\t\t<div class=\"elementor-widget-wrap elementor-element-populated\">\n\t\t\t\t\t\t<div class=\"elementor-element elementor-element-0619647 elementor-widget elementor-widget-heading\" data-id=\"0619647\" data-element_type=\"widget\" data-widget_type=\"heading.default\">\n\t\t\t\t<div class=\"elementor-widget-container\">\n\t\t\t\t\t<h2 class=\"elementor-heading-title elementor-size-default\">Registeranteckning:<\/h2>\t\t\t\t<\/div>\n\t\t\t\t<\/div>\n\t\t\t\t<div class=\"elementor-element elementor-element-1212314 elementor-widget elementor-widget-text-editor\" data-id=\"1212314\" data-element_type=\"widget\" data-widget_type=\"text-editor.default\">\n\t\t\t\t<div class=\"elementor-widget-container\">\n\t\t\t\t\t\t\t\t\t<p>Inskrivning i handelsregistret.<\/p><p>Registerdomstol: Hanau<\/p><p>Registernummer: 95540<\/p>\t\t\t\t\t\t\t\t<\/div>\n\t\t\t\t<\/div>\n\t\t\t\t\t<\/div>\n\t\t<\/div>\n\t\t\t\t<div class=\"elementor-column elementor-col-50 elementor-top-column elementor-element elementor-element-50c0f28\" data-id=\"50c0f28\" data-element_type=\"column\">\n\t\t\t<div class=\"elementor-widget-wrap elementor-element-populated\">\n\t\t\t\t\t\t<div class=\"elementor-element elementor-element-628b024 elementor-widget elementor-widget-heading\" data-id=\"628b024\" data-element_type=\"widget\" data-widget_type=\"heading.default\">\n\t\t\t\t<div class=\"elementor-widget-container\">\n\t\t\t\t\t<h2 class=\"elementor-heading-title elementor-size-default\">Oms\u00e4ttningsskatt:<\/h2>\t\t\t\t<\/div>\n\t\t\t\t<\/div>\n\t\t\t\t<div class=\"elementor-element elementor-element-c04e79e elementor-widget elementor-widget-text-editor\" data-id=\"c04e79e\" data-element_type=\"widget\" data-widget_type=\"text-editor.default\">\n\t\t\t\t<div class=\"elementor-widget-container\">\n\t\t\t\t\t\t\t\t\t<p>Momsregistreringsnummer enligt \u00a727 a momslagen: DE-305002736<\/p>\t\t\t\t\t\t\t\t<\/div>\n\t\t\t\t<\/div>\n\t\t\t\t\t<\/div>\n\t\t<\/div>\n\t\t\t\t\t<\/div>\n\t\t<\/section>\n\t\t\t\t<section class=\"elementor-section elementor-top-section elementor-element elementor-element-ebf905b elementor-section-boxed elementor-section-height-default elementor-section-height-default\" data-id=\"ebf905b\" data-element_type=\"section\" data-settings=\"{&quot;jet_parallax_layout_list&quot;:[],&quot;background_background&quot;:&quot;classic&quot;}\">\n\t\t\t\t\t\t<div class=\"elementor-container elementor-column-gap-default\">\n\t\t\t\t\t<div class=\"elementor-column elementor-col-50 elementor-top-column elementor-element elementor-element-68a6aee\" data-id=\"68a6aee\" data-element_type=\"column\">\n\t\t\t<div class=\"elementor-widget-wrap elementor-element-populated\">\n\t\t\t\t\t\t<div class=\"elementor-element elementor-element-f1ce84e elementor-widget elementor-widget-heading\" data-id=\"f1ce84e\" data-element_type=\"widget\" data-widget_type=\"heading.default\">\n\t\t\t\t<div class=\"elementor-widget-container\">\n\t\t\t\t\t<h2 class=\"elementor-heading-title elementor-size-default\">Information om ansvarsf\u00f6rs\u00e4kring<\/h2>\t\t\t\t<\/div>\n\t\t\t\t<\/div>\n\t\t\t\t<div class=\"elementor-element elementor-element-f0fd74d elementor-widget elementor-widget-text-editor\" data-id=\"f0fd74d\" data-element_type=\"widget\" data-widget_type=\"text-editor.default\">\n\t\t\t\t<div class=\"elementor-widget-container\">\n\t\t\t\t\t\t\t\t\t<p>Namn och s\u00e4te f\u00f6r f\u00f6rs\u00e4kringsgivaren: W\u00fcrtembergische Versicherung<\/p><p>Gutenbergstr.30<\/p><p>70176 Stuttgart<\/p><p>F\u00f6rs\u00e4kringens giltighetsomr\u00e5de: Tyskland<\/p>\t\t\t\t\t\t\t\t<\/div>\n\t\t\t\t<\/div>\n\t\t\t\t\t<\/div>\n\t\t<\/div>\n\t\t\t\t<div class=\"elementor-column elementor-col-50 elementor-top-column elementor-element elementor-element-505f86a\" data-id=\"505f86a\" data-element_type=\"column\">\n\t\t\t<div class=\"elementor-widget-wrap elementor-element-populated\">\n\t\t\t\t\t\t<div class=\"elementor-element elementor-element-720bbba elementor-widget elementor-widget-heading\" data-id=\"720bbba\" data-element_type=\"widget\" data-widget_type=\"heading.default\">\n\t\t\t\t<div class=\"elementor-widget-container\">\n\t\t\t\t\t<h2 class=\"elementor-heading-title elementor-size-default\">Tvistl\u00f6sning<\/h2>\t\t\t\t<\/div>\n\t\t\t\t<\/div>\n\t\t\t\t<div class=\"elementor-element elementor-element-7333b8a elementor-widget elementor-widget-text-editor\" data-id=\"7333b8a\" data-element_type=\"widget\" data-widget_type=\"text-editor.default\">\n\t\t\t\t<div class=\"elementor-widget-container\">\n\t\t\t\t\t\t\t\t\t<p>Europeiska kommissionen tillhandah\u00e5ller en plattform f\u00f6r tvistl\u00f6sning online (ODR): https:\/\/ec.europa.eu\/consumers\/odr. V\u00e5r e-postadress hittar du ovan under Impressum.<\/p><p>Vi \u00e4r inte beredda eller skyldiga att delta i tvistl\u00f6sningsf\u00f6rfaranden inf\u00f6r en konsumenttvistl\u00f6sningsn\u00e4mnd.<\/p>\t\t\t\t\t\t\t\t<\/div>\n\t\t\t\t<\/div>\n\t\t\t\t\t<\/div>\n\t\t<\/div>\n\t\t\t\t\t<\/div>\n\t\t<\/section>\n\t\t\t\t<section class=\"elementor-section elementor-top-section elementor-element elementor-element-ed155d7 elementor-section-boxed elementor-section-height-default elementor-section-height-default\" data-id=\"ed155d7\" data-element_type=\"section\" data-settings=\"{&quot;jet_parallax_layout_list&quot;:[],&quot;background_background&quot;:&quot;classic&quot;}\">\n\t\t\t\t\t\t<div class=\"elementor-container elementor-column-gap-default\">\n\t\t\t\t\t<div class=\"elementor-column elementor-col-100 elementor-top-column elementor-element elementor-element-dc12d02\" data-id=\"dc12d02\" data-element_type=\"column\">\n\t\t\t<div class=\"elementor-widget-wrap elementor-element-populated\">\n\t\t\t\t\t\t<div class=\"elementor-element elementor-element-442952e elementor-widget elementor-widget-heading\" data-id=\"442952e\" data-element_type=\"widget\" data-widget_type=\"heading.default\">\n\t\t\t\t<div class=\"elementor-widget-container\">\n\t\t\t\t\t<h2 class=\"elementor-heading-title elementor-size-default\">Ansvar f\u00f6r inneh\u00e5ll<\/h2>\t\t\t\t<\/div>\n\t\t\t\t<\/div>\n\t\t\t\t<div class=\"elementor-element elementor-element-15b1a11 elementor-widget elementor-widget-text-editor\" data-id=\"15b1a11\" data-element_type=\"widget\" data-widget_type=\"text-editor.default\">\n\t\t\t\t<div class=\"elementor-widget-container\">\n\t\t\t\t\t\t\t\t\t<p>Som tj\u00e4nsteleverant\u00f6r \u00e4r vi enligt \u00a7 7 Abs.1 TMG ansvariga f\u00f6r v\u00e5rt eget inneh\u00e5ll p\u00e5 dessa sidor i enlighet med allm\u00e4nna lagar. Enligt \u00a7\u00a7 8 till 10 TMG \u00e4r vi som tj\u00e4nsteleverant\u00f6r dock inte skyldiga att \u00f6vervaka \u00f6verf\u00f6rd eller lagrad information fr\u00e5n tredje part eller att unders\u00f6ka omst\u00e4ndigheter som tyder p\u00e5 olaglig verksamhet.  <\/p><p>Skyldigheter att ta bort eller sp\u00e4rra anv\u00e4ndningen av information enligt allm\u00e4nna lagar p\u00e5verkas inte av detta. Ett ansvar i detta avseende \u00e4r dock f\u00f6rst m\u00f6jligt fr\u00e5n och med tidpunkten f\u00f6r vetskap om en konkret r\u00e4tts\u00f6vertr\u00e4delse. Om vi f\u00e5r k\u00e4nnedom om motsvarande r\u00e4tts\u00f6vertr\u00e4delser kommer vi att ta bort detta inneh\u00e5ll omedelbart.  <\/p>\t\t\t\t\t\t\t\t<\/div>\n\t\t\t\t<\/div>\n\t\t\t\t\t<\/div>\n\t\t<\/div>\n\t\t\t\t\t<\/div>\n\t\t<\/section>\n\t\t\t\t<section class=\"elementor-section elementor-top-section elementor-element elementor-element-3848152 elementor-section-boxed elementor-section-height-default elementor-section-height-default\" data-id=\"3848152\" data-element_type=\"section\" data-settings=\"{&quot;jet_parallax_layout_list&quot;:[],&quot;background_background&quot;:&quot;classic&quot;}\">\n\t\t\t\t\t\t<div class=\"elementor-container elementor-column-gap-default\">\n\t\t\t\t\t<div class=\"elementor-column elementor-col-100 elementor-top-column elementor-element elementor-element-476bf38\" data-id=\"476bf38\" data-element_type=\"column\">\n\t\t\t<div class=\"elementor-widget-wrap elementor-element-populated\">\n\t\t\t\t\t\t<div class=\"elementor-element elementor-element-4097aa7 elementor-widget elementor-widget-heading\" data-id=\"4097aa7\" data-element_type=\"widget\" data-widget_type=\"heading.default\">\n\t\t\t\t<div class=\"elementor-widget-container\">\n\t\t\t\t\t<h2 class=\"elementor-heading-title elementor-size-default\">Ansvar f\u00f6r l\u00e4nkar<\/h2>\t\t\t\t<\/div>\n\t\t\t\t<\/div>\n\t\t\t\t<div class=\"elementor-element elementor-element-485b749 elementor-widget elementor-widget-text-editor\" data-id=\"485b749\" data-element_type=\"widget\" data-widget_type=\"text-editor.default\">\n\t\t\t\t<div class=\"elementor-widget-container\">\n\t\t\t\t\t\t\t\t\t<p>V\u00e5rt erbjudande inneh\u00e5ller l\u00e4nkar till externa webbplatser fr\u00e5n tredje part, vars inneh\u00e5ll vi inte har n\u00e5got inflytande \u00f6ver. D\u00e4rf\u00f6r kan vi inte heller ta n\u00e5got ansvar f\u00f6r detta fr\u00e4mmande inneh\u00e5ll. F\u00f6r inneh\u00e5llet p\u00e5 de l\u00e4nkade sidorna \u00e4r alltid den respektive leverant\u00f6ren eller operat\u00f6ren av sidorna ansvarig. De l\u00e4nkade sidorna kontrollerades vid tidpunkten f\u00f6r l\u00e4nkningen med avseende p\u00e5 eventuella r\u00e4tts\u00f6vertr\u00e4delser. Olagligt inneh\u00e5ll var inte identifierbart vid tidpunkten f\u00f6r l\u00e4nkningen.    <\/p><p>En permanent inneh\u00e5llsm\u00e4ssig kontroll av de l\u00e4nkade sidorna \u00e4r dock inte rimlig utan konkreta indikationer p\u00e5 en r\u00e4tts\u00f6vertr\u00e4delse. Om vi f\u00e5r k\u00e4nnedom om r\u00e4tts\u00f6vertr\u00e4delser kommer vi att ta bort s\u00e5dana l\u00e4nkar omedelbart. <\/p>\t\t\t\t\t\t\t\t<\/div>\n\t\t\t\t<\/div>\n\t\t\t\t\t<\/div>\n\t\t<\/div>\n\t\t\t\t\t<\/div>\n\t\t<\/section>\n\t\t\t\t<section class=\"elementor-section elementor-top-section elementor-element elementor-element-c8323dd elementor-section-boxed elementor-section-height-default elementor-section-height-default\" data-id=\"c8323dd\" data-element_type=\"section\" data-settings=\"{&quot;jet_parallax_layout_list&quot;:[],&quot;background_background&quot;:&quot;classic&quot;}\">\n\t\t\t\t\t\t<div class=\"elementor-container elementor-column-gap-default\">\n\t\t\t\t\t<div class=\"elementor-column elementor-col-100 elementor-top-column elementor-element elementor-element-2cfbb51\" data-id=\"2cfbb51\" data-element_type=\"column\">\n\t\t\t<div class=\"elementor-widget-wrap elementor-element-populated\">\n\t\t\t\t\t\t<div class=\"elementor-element elementor-element-ff9ba43 elementor-widget elementor-widget-heading\" data-id=\"ff9ba43\" data-element_type=\"widget\" data-widget_type=\"heading.default\">\n\t\t\t\t<div class=\"elementor-widget-container\">\n\t\t\t\t\t<h2 class=\"elementor-heading-title elementor-size-default\">Upphovsr\u00e4tt<\/h2>\t\t\t\t<\/div>\n\t\t\t\t<\/div>\n\t\t\t\t<div class=\"elementor-element elementor-element-8428aea elementor-widget elementor-widget-text-editor\" data-id=\"8428aea\" data-element_type=\"widget\" data-widget_type=\"text-editor.default\">\n\t\t\t\t<div class=\"elementor-widget-container\">\n\t\t\t\t\t\t\t\t\t<p>Det inneh\u00e5ll och de verk som skapats av sidoperat\u00f6rerna p\u00e5 dessa sidor omfattas av tysk upphovsr\u00e4ttslagstiftning. M\u00e5ngfaldigande, bearbetning, spridning och varje typ av anv\u00e4ndning utanf\u00f6r gr\u00e4nserna f\u00f6r upphovsr\u00e4tten kr\u00e4ver skriftligt godk\u00e4nnande fr\u00e5n respektive f\u00f6rfattare eller skapare. Nedladdningar och kopior av denna sida \u00e4r endast till\u00e5tna f\u00f6r privat, icke-kommersiellt bruk.  <\/p><p>I den m\u00e5n inneh\u00e5llet p\u00e5 denna sida inte har skapats av operat\u00f6ren, beaktas tredje parts upphovsr\u00e4tter. I synnerhet kommer inneh\u00e5ll fr\u00e5n tredje part att markeras som s\u00e5dant. Om du \u00e4nd\u00e5 skulle uppm\u00e4rksamma en upphovsr\u00e4ttsintr\u00e5ng, ber vi dig att meddela oss detta. Om vi f\u00e5r k\u00e4nnedom om r\u00e4tts\u00f6vertr\u00e4delser kommer vi att ta bort s\u00e5dant inneh\u00e5ll omedelbart.   <\/p>\t\t\t\t\t\t\t\t<\/div>\n\t\t\t\t<\/div>\n\t\t\t\t<div class=\"elementor-element elementor-element-7e43720 elementor-widget elementor-widget-spacer\" data-id=\"7e43720\" data-element_type=\"widget\" data-widget_type=\"spacer.default\">\n\t\t\t\t<div class=\"elementor-widget-container\">\n\t\t\t\t\t\t\t<div class=\"elementor-spacer\">\n\t\t\t<div class=\"elementor-spacer-inner\"><\/div>\n\t\t<\/div>\n\t\t\t\t\t\t<\/div>\n\t\t\t\t<\/div>\n\t\t\t\t\t<\/div>\n\t\t<\/div>\n\t\t\t\t\t<\/div>\n\t\t<\/section>\n\t\t\t\t<\/div>\n\t\t","protected":false},"excerpt":{"rendered":"<p>Impressum \u2013 Tachoreperatur24.com GmbH Uppgifter enligt \u00a7 5 TMG: Johann Schuster Ysenburgerstr.6 63607 W\u00e4chtersbach Kontakt: Telefon: 06053-8097343 E-post: info@tachoreperatur24.com F\u00f6retr\u00e4ds av: Johann Schuster Registeranteckning: Inskrivning i handelsregistret. Registerdomstol: Hanau Registernummer: 95540 Oms\u00e4ttningsskatt: Momsregistreringsnummer enligt \u00a727 a momslagen: DE-305002736 Information om ansvarsf\u00f6rs\u00e4kring Namn och s\u00e4te f\u00f6r f\u00f6rs\u00e4kringsgivaren: W\u00fcrtembergische Versicherung Gutenbergstr.30 70176 Stuttgart F\u00f6rs\u00e4kringens giltighetsomr\u00e5de: Tyskland Tvistl\u00f6sning [&hellip;]<\/p>\n","protected":false},"author":1,"featured_media":0,"parent":0,"menu_order":0,"comment_status":"closed","ping_status":"closed","template":"","meta":{"footnotes":""},"class_list":["post-3107","page","type-page","status-publish","hentry"],"_links":{"self":[{"href":"https:\/\/agrielektronik24.de\/sv\/wp-json\/wp\/v2\/pages\/3107","targetHints":{"allow":["GET"]}}],"collection":[{"href":"https:\/\/agrielektronik24.de\/sv\/wp-json\/wp\/v2\/pages"}],"about":[{"href":"https:\/\/agrielektronik24.de\/sv\/wp-json\/wp\/v2\/types\/page"}],"author":[{"embeddable":true,"href":"https:\/\/agrielektronik24.de\/sv\/wp-json\/wp\/v2\/users\/1"}],"replies":[{"embeddable":true,"href":"https:\/\/agrielektronik24.de\/sv\/wp-json\/wp\/v2\/comments?post=3107"}],"version-history":[{"count":2,"href":"https:\/\/agrielektronik24.de\/sv\/wp-json\/wp\/v2\/pages\/3107\/revisions"}],"predecessor-version":[{"id":11659,"href":"https:\/\/agrielektronik24.de\/sv\/wp-json\/wp\/v2\/pages\/3107\/revisions\/11659"}],"wp:attachment":[{"href":"https:\/\/agrielektronik24.de\/sv\/wp-json\/wp\/v2\/media?parent=3107"}],"curies":[{"name":"wp","href":"https:\/\/api.w.org\/{rel}","templated":true}]}}