{"id":7861,"date":"2024-05-28T02:10:18","date_gmt":"2024-05-28T02:10:18","guid":{"rendered":"https:\/\/agrielektronik24.de\/mentions-legales\/"},"modified":"2025-10-01T00:05:32","modified_gmt":"2025-10-01T00:05:32","slug":"mentions-legales","status":"publish","type":"page","link":"https:\/\/agrielektronik24.de\/fr\/mentions-legales\/","title":{"rendered":"Mentions l\u00e9gales"},"content":{"rendered":"\t\t<div data-elementor-type=\"wp-page\" data-elementor-id=\"7861\" class=\"elementor elementor-7861 elementor-132\" data-elementor-post-type=\"page\">\n\t\t\t\t\t\t<section class=\"elementor-section elementor-top-section elementor-element elementor-element-a4d0fc4 elementor-section-boxed elementor-section-height-default elementor-section-height-default\" data-id=\"a4d0fc4\" data-element_type=\"section\" data-settings=\"{&quot;jet_parallax_layout_list&quot;:[],&quot;background_background&quot;:&quot;classic&quot;}\">\n\t\t\t\t\t\t<div class=\"elementor-container elementor-column-gap-default\">\n\t\t\t\t\t<div class=\"elementor-column elementor-col-100 elementor-top-column elementor-element elementor-element-8377af1\" data-id=\"8377af1\" data-element_type=\"column\">\n\t\t\t<div class=\"elementor-widget-wrap elementor-element-populated\">\n\t\t\t\t\t\t<div class=\"elementor-element elementor-element-3e3f123 elementor-widget elementor-widget-spacer\" data-id=\"3e3f123\" data-element_type=\"widget\" data-widget_type=\"spacer.default\">\n\t\t\t\t<div class=\"elementor-widget-container\">\n\t\t\t\t\t\t\t<div class=\"elementor-spacer\">\n\t\t\t<div class=\"elementor-spacer-inner\"><\/div>\n\t\t<\/div>\n\t\t\t\t\t\t<\/div>\n\t\t\t\t<\/div>\n\t\t\t\t<div class=\"elementor-element elementor-element-80be047 elementor-widget elementor-widget-heading\" data-id=\"80be047\" data-element_type=\"widget\" data-widget_type=\"heading.default\">\n\t\t\t\t<div class=\"elementor-widget-container\">\n\t\t\t\t\t<h2 class=\"elementor-heading-title elementor-size-default\">Mentions l\u00e9gales - Tachoreperatur24.com GmbH<\/h2>\t\t\t\t<\/div>\n\t\t\t\t<\/div>\n\t\t\t\t<div class=\"elementor-element elementor-element-d63cf6d elementor-widget elementor-widget-spacer\" data-id=\"d63cf6d\" data-element_type=\"widget\" data-widget_type=\"spacer.default\">\n\t\t\t\t<div class=\"elementor-widget-container\">\n\t\t\t\t\t\t\t<div class=\"elementor-spacer\">\n\t\t\t<div class=\"elementor-spacer-inner\"><\/div>\n\t\t<\/div>\n\t\t\t\t\t\t<\/div>\n\t\t\t\t<\/div>\n\t\t\t\t\t<\/div>\n\t\t<\/div>\n\t\t\t\t\t<\/div>\n\t\t<\/section>\n\t\t\t\t<section class=\"elementor-section elementor-top-section elementor-element elementor-element-4123271 elementor-section-boxed elementor-section-height-default elementor-section-height-default\" data-id=\"4123271\" data-element_type=\"section\" data-settings=\"{&quot;jet_parallax_layout_list&quot;:[],&quot;background_background&quot;:&quot;classic&quot;}\">\n\t\t\t\t\t\t<div class=\"elementor-container elementor-column-gap-default\">\n\t\t\t\t\t<div class=\"elementor-column elementor-col-33 elementor-top-column elementor-element elementor-element-097918a\" data-id=\"097918a\" data-element_type=\"column\">\n\t\t\t<div class=\"elementor-widget-wrap elementor-element-populated\">\n\t\t\t\t\t\t<div class=\"elementor-element elementor-element-c407791 elementor-widget elementor-widget-heading\" data-id=\"c407791\" data-element_type=\"widget\" data-widget_type=\"heading.default\">\n\t\t\t\t<div class=\"elementor-widget-container\">\n\t\t\t\t\t<h2 class=\"elementor-heading-title elementor-size-default\">Informations conform\u00e9ment au \u00a7 5 TMG :<\/h2>\t\t\t\t<\/div>\n\t\t\t\t<\/div>\n\t\t\t\t<div class=\"elementor-element elementor-element-93f7fcb elementor-widget elementor-widget-text-editor\" data-id=\"93f7fcb\" data-element_type=\"widget\" data-widget_type=\"text-editor.default\">\n\t\t\t\t<div class=\"elementor-widget-container\">\n\t\t\t\t\t\t\t\t\t<p>Johann Schuster<\/p><p>Ysenburgerstr.6<\/p><p>63607 W\u00e4chtersbach<\/p>\t\t\t\t\t\t\t\t<\/div>\n\t\t\t\t<\/div>\n\t\t\t\t\t<\/div>\n\t\t<\/div>\n\t\t\t\t<div class=\"elementor-column elementor-col-33 elementor-top-column elementor-element elementor-element-006756a\" data-id=\"006756a\" data-element_type=\"column\">\n\t\t\t<div class=\"elementor-widget-wrap elementor-element-populated\">\n\t\t\t\t\t\t<div class=\"elementor-element elementor-element-f1d1fcc elementor-widget elementor-widget-heading\" data-id=\"f1d1fcc\" data-element_type=\"widget\" data-widget_type=\"heading.default\">\n\t\t\t\t<div class=\"elementor-widget-container\">\n\t\t\t\t\t<h2 class=\"elementor-heading-title elementor-size-default\">Contact :<\/h2>\t\t\t\t<\/div>\n\t\t\t\t<\/div>\n\t\t\t\t<div class=\"elementor-element elementor-element-09c569f elementor-widget elementor-widget-text-editor\" data-id=\"09c569f\" data-element_type=\"widget\" data-widget_type=\"text-editor.default\">\n\t\t\t\t<div class=\"elementor-widget-container\">\n\t\t\t\t\t\t\t\t\t<p>T\u00e9l\u00e9phone : 06053-8097343<\/p><p>E-mail : info@tachoreperatur24.com<\/p>\t\t\t\t\t\t\t\t<\/div>\n\t\t\t\t<\/div>\n\t\t\t\t\t<\/div>\n\t\t<\/div>\n\t\t\t\t<div class=\"elementor-column elementor-col-33 elementor-top-column elementor-element elementor-element-447baf7\" data-id=\"447baf7\" data-element_type=\"column\">\n\t\t\t<div class=\"elementor-widget-wrap elementor-element-populated\">\n\t\t\t\t\t\t<div class=\"elementor-element elementor-element-cf8a390 elementor-widget elementor-widget-heading\" data-id=\"cf8a390\" data-element_type=\"widget\" data-widget_type=\"heading.default\">\n\t\t\t\t<div class=\"elementor-widget-container\">\n\t\t\t\t\t<h2 class=\"elementor-heading-title elementor-size-default\">Repr\u00e9sent\u00e9 par :<\/h2>\t\t\t\t<\/div>\n\t\t\t\t<\/div>\n\t\t\t\t<div class=\"elementor-element elementor-element-b4a4667 elementor-widget elementor-widget-text-editor\" data-id=\"b4a4667\" data-element_type=\"widget\" data-widget_type=\"text-editor.default\">\n\t\t\t\t<div class=\"elementor-widget-container\">\n\t\t\t\t\t\t\t\t\t<p>Johann Schuster<\/p>\t\t\t\t\t\t\t\t<\/div>\n\t\t\t\t<\/div>\n\t\t\t\t\t<\/div>\n\t\t<\/div>\n\t\t\t\t\t<\/div>\n\t\t<\/section>\n\t\t\t\t<section class=\"elementor-section elementor-top-section elementor-element elementor-element-f354fcc elementor-section-boxed elementor-section-height-default elementor-section-height-default\" data-id=\"f354fcc\" data-element_type=\"section\" data-settings=\"{&quot;jet_parallax_layout_list&quot;:[],&quot;background_background&quot;:&quot;classic&quot;}\">\n\t\t\t\t\t\t<div class=\"elementor-container elementor-column-gap-default\">\n\t\t\t\t\t<div class=\"elementor-column elementor-col-50 elementor-top-column elementor-element elementor-element-b6f7f21\" data-id=\"b6f7f21\" data-element_type=\"column\">\n\t\t\t<div class=\"elementor-widget-wrap elementor-element-populated\">\n\t\t\t\t\t\t<div class=\"elementor-element elementor-element-0619647 elementor-widget elementor-widget-heading\" data-id=\"0619647\" data-element_type=\"widget\" data-widget_type=\"heading.default\">\n\t\t\t\t<div class=\"elementor-widget-container\">\n\t\t\t\t\t<h2 class=\"elementor-heading-title elementor-size-default\">Inscription au registre :<\/h2>\t\t\t\t<\/div>\n\t\t\t\t<\/div>\n\t\t\t\t<div class=\"elementor-element elementor-element-1212314 elementor-widget elementor-widget-text-editor\" data-id=\"1212314\" data-element_type=\"widget\" data-widget_type=\"text-editor.default\">\n\t\t\t\t<div class=\"elementor-widget-container\">\n\t\t\t\t\t\t\t\t\t<p>Inscription au registre du commerce.<\/p><p>Tribunal d&#8217;enregistrement : Hanau<\/p><p>Num\u00e9ro d&#8217;enregistrement : 95540<\/p>\t\t\t\t\t\t\t\t<\/div>\n\t\t\t\t<\/div>\n\t\t\t\t\t<\/div>\n\t\t<\/div>\n\t\t\t\t<div class=\"elementor-column elementor-col-50 elementor-top-column elementor-element elementor-element-50c0f28\" data-id=\"50c0f28\" data-element_type=\"column\">\n\t\t\t<div class=\"elementor-widget-wrap elementor-element-populated\">\n\t\t\t\t\t\t<div class=\"elementor-element elementor-element-628b024 elementor-widget elementor-widget-heading\" data-id=\"628b024\" data-element_type=\"widget\" data-widget_type=\"heading.default\">\n\t\t\t\t<div class=\"elementor-widget-container\">\n\t\t\t\t\t<h2 class=\"elementor-heading-title elementor-size-default\">TVA :<\/h2>\t\t\t\t<\/div>\n\t\t\t\t<\/div>\n\t\t\t\t<div class=\"elementor-element elementor-element-c04e79e elementor-widget elementor-widget-text-editor\" data-id=\"c04e79e\" data-element_type=\"widget\" data-widget_type=\"text-editor.default\">\n\t\t\t\t<div class=\"elementor-widget-container\">\n\t\t\t\t\t\t\t\t\t<p>Num\u00e9ro d&#8217;identification TVA conform\u00e9ment au \u00a727 a de la loi sur la TVA : DE-305002736<\/p>\t\t\t\t\t\t\t\t<\/div>\n\t\t\t\t<\/div>\n\t\t\t\t\t<\/div>\n\t\t<\/div>\n\t\t\t\t\t<\/div>\n\t\t<\/section>\n\t\t\t\t<section class=\"elementor-section elementor-top-section elementor-element elementor-element-ebf905b elementor-section-boxed elementor-section-height-default elementor-section-height-default\" data-id=\"ebf905b\" data-element_type=\"section\" data-settings=\"{&quot;jet_parallax_layout_list&quot;:[],&quot;background_background&quot;:&quot;classic&quot;}\">\n\t\t\t\t\t\t<div class=\"elementor-container elementor-column-gap-default\">\n\t\t\t\t\t<div class=\"elementor-column elementor-col-50 elementor-top-column elementor-element elementor-element-68a6aee\" data-id=\"68a6aee\" data-element_type=\"column\">\n\t\t\t<div class=\"elementor-widget-wrap elementor-element-populated\">\n\t\t\t\t\t\t<div class=\"elementor-element elementor-element-f1ce84e elementor-widget elementor-widget-heading\" data-id=\"f1ce84e\" data-element_type=\"widget\" data-widget_type=\"heading.default\">\n\t\t\t\t<div class=\"elementor-widget-container\">\n\t\t\t\t\t<h2 class=\"elementor-heading-title elementor-size-default\">Informations sur l'assurance responsabilit\u00e9 civile professionnelle<\/h2>\t\t\t\t<\/div>\n\t\t\t\t<\/div>\n\t\t\t\t<div class=\"elementor-element elementor-element-f0fd74d elementor-widget elementor-widget-text-editor\" data-id=\"f0fd74d\" data-element_type=\"widget\" data-widget_type=\"text-editor.default\">\n\t\t\t\t<div class=\"elementor-widget-container\">\n\t\t\t\t\t\t\t\t\t<p>Nom et si\u00e8ge de l&#8217;assureur : W\u00fcrtembergische Versicherung<\/p><p>Gutenbergstr.30<\/p><p>70176 Stuttgart<\/p><p>Zone de couverture de l&#8217;assurance : Allemagne<\/p>\t\t\t\t\t\t\t\t<\/div>\n\t\t\t\t<\/div>\n\t\t\t\t\t<\/div>\n\t\t<\/div>\n\t\t\t\t<div class=\"elementor-column elementor-col-50 elementor-top-column elementor-element elementor-element-505f86a\" data-id=\"505f86a\" data-element_type=\"column\">\n\t\t\t<div class=\"elementor-widget-wrap elementor-element-populated\">\n\t\t\t\t\t\t<div class=\"elementor-element elementor-element-720bbba elementor-widget elementor-widget-heading\" data-id=\"720bbba\" data-element_type=\"widget\" data-widget_type=\"heading.default\">\n\t\t\t\t<div class=\"elementor-widget-container\">\n\t\t\t\t\t<h2 class=\"elementor-heading-title elementor-size-default\">R\u00e8glement des litiges<\/h2>\t\t\t\t<\/div>\n\t\t\t\t<\/div>\n\t\t\t\t<div class=\"elementor-element elementor-element-7333b8a elementor-widget elementor-widget-text-editor\" data-id=\"7333b8a\" data-element_type=\"widget\" data-widget_type=\"text-editor.default\">\n\t\t\t\t<div class=\"elementor-widget-container\">\n\t\t\t\t\t\t\t\t\t<p>La Commission europ\u00e9enne met \u00e0 disposition une plateforme de r\u00e8glement en ligne des litiges (RLL) : https:\/\/ec.europa.eu\/consumers\/odr. Vous trouverez notre adresse e-mail ci-dessus dans les mentions l\u00e9gales.<\/p><p>Nous ne sommes pas dispos\u00e9s ou tenus de participer \u00e0 des proc\u00e9dures de r\u00e8glement des litiges devant un organisme de m\u00e9diation de la consommation.<\/p>\t\t\t\t\t\t\t\t<\/div>\n\t\t\t\t<\/div>\n\t\t\t\t\t<\/div>\n\t\t<\/div>\n\t\t\t\t\t<\/div>\n\t\t<\/section>\n\t\t\t\t<section class=\"elementor-section elementor-top-section elementor-element elementor-element-ed155d7 elementor-section-boxed elementor-section-height-default elementor-section-height-default\" data-id=\"ed155d7\" data-element_type=\"section\" data-settings=\"{&quot;jet_parallax_layout_list&quot;:[],&quot;background_background&quot;:&quot;classic&quot;}\">\n\t\t\t\t\t\t<div class=\"elementor-container elementor-column-gap-default\">\n\t\t\t\t\t<div class=\"elementor-column elementor-col-100 elementor-top-column elementor-element elementor-element-dc12d02\" data-id=\"dc12d02\" data-element_type=\"column\">\n\t\t\t<div class=\"elementor-widget-wrap elementor-element-populated\">\n\t\t\t\t\t\t<div class=\"elementor-element elementor-element-442952e elementor-widget elementor-widget-heading\" data-id=\"442952e\" data-element_type=\"widget\" data-widget_type=\"heading.default\">\n\t\t\t\t<div class=\"elementor-widget-container\">\n\t\t\t\t\t<h2 class=\"elementor-heading-title elementor-size-default\">Responsabilit\u00e9 pour le contenu<\/h2>\t\t\t\t<\/div>\n\t\t\t\t<\/div>\n\t\t\t\t<div class=\"elementor-element elementor-element-15b1a11 elementor-widget elementor-widget-text-editor\" data-id=\"15b1a11\" data-element_type=\"widget\" data-widget_type=\"text-editor.default\">\n\t\t\t\t<div class=\"elementor-widget-container\">\n\t\t\t\t\t\t\t\t\t<p>En tant que prestataire de services, nous sommes responsables de notre propre contenu sur ces pages conform\u00e9ment au \u00a7 7 alin\u00e9a 1 TMG selon les lois g\u00e9n\u00e9rales. Selon les \u00a7\u00a7 8 \u00e0 10 TMG, nous ne sommes cependant pas tenus, en tant que prestataire de services, de surveiller les informations tierces transmises ou stock\u00e9es ou de rechercher des circonstances indiquant une activit\u00e9 ill\u00e9gale.  <\/p><p>Les obligations de suppression ou de blocage de l&#8217;utilisation d&#8217;informations selon les lois g\u00e9n\u00e9rales ne sont pas affect\u00e9es par ceci. Une responsabilit\u00e9 \u00e0 cet \u00e9gard n&#8217;est cependant possible qu&#8217;\u00e0 partir du moment de la connaissance d&#8217;une violation concr\u00e8te du droit. D\u00e8s que nous aurons connaissance de violations correspondantes du droit, nous supprimerons imm\u00e9diatement ces contenus.  <\/p>\t\t\t\t\t\t\t\t<\/div>\n\t\t\t\t<\/div>\n\t\t\t\t\t<\/div>\n\t\t<\/div>\n\t\t\t\t\t<\/div>\n\t\t<\/section>\n\t\t\t\t<section class=\"elementor-section elementor-top-section elementor-element elementor-element-3848152 elementor-section-boxed elementor-section-height-default elementor-section-height-default\" data-id=\"3848152\" data-element_type=\"section\" data-settings=\"{&quot;jet_parallax_layout_list&quot;:[],&quot;background_background&quot;:&quot;classic&quot;}\">\n\t\t\t\t\t\t<div class=\"elementor-container elementor-column-gap-default\">\n\t\t\t\t\t<div class=\"elementor-column elementor-col-100 elementor-top-column elementor-element elementor-element-476bf38\" data-id=\"476bf38\" data-element_type=\"column\">\n\t\t\t<div class=\"elementor-widget-wrap elementor-element-populated\">\n\t\t\t\t\t\t<div class=\"elementor-element elementor-element-4097aa7 elementor-widget elementor-widget-heading\" data-id=\"4097aa7\" data-element_type=\"widget\" data-widget_type=\"heading.default\">\n\t\t\t\t<div class=\"elementor-widget-container\">\n\t\t\t\t\t<h2 class=\"elementor-heading-title elementor-size-default\">Responsabilit\u00e9 pour les liens<\/h2>\t\t\t\t<\/div>\n\t\t\t\t<\/div>\n\t\t\t\t<div class=\"elementor-element elementor-element-485b749 elementor-widget elementor-widget-text-editor\" data-id=\"485b749\" data-element_type=\"widget\" data-widget_type=\"text-editor.default\">\n\t\t\t\t<div class=\"elementor-widget-container\">\n\t\t\t\t\t\t\t\t\t<p>Notre offre contient des liens vers des sites web externes de tiers sur le contenu desquels nous n&#8217;avons aucune influence. C&#8217;est pourquoi nous ne pouvons pas non plus assumer de garantie pour ces contenus externes. Le fournisseur ou l&#8217;exploitant respectif des pages est toujours responsable du contenu des pages li\u00e9es. Les pages li\u00e9es ont \u00e9t\u00e9 v\u00e9rifi\u00e9es au moment de la cr\u00e9ation du lien pour d&#8217;\u00e9ventuelles violations du droit. Des contenus ill\u00e9gaux n&#8217;\u00e9taient pas reconnaissables au moment de la cr\u00e9ation du lien.    <\/p><p>Un contr\u00f4le permanent du contenu des pages li\u00e9es n&#8217;est cependant pas raisonnable sans indices concrets d&#8217;une violation du droit. D\u00e8s que nous aurons connaissance de violations du droit, nous supprimerons imm\u00e9diatement de tels liens. <\/p>\t\t\t\t\t\t\t\t<\/div>\n\t\t\t\t<\/div>\n\t\t\t\t\t<\/div>\n\t\t<\/div>\n\t\t\t\t\t<\/div>\n\t\t<\/section>\n\t\t\t\t<section class=\"elementor-section elementor-top-section elementor-element elementor-element-c8323dd elementor-section-boxed elementor-section-height-default elementor-section-height-default\" data-id=\"c8323dd\" data-element_type=\"section\" data-settings=\"{&quot;jet_parallax_layout_list&quot;:[],&quot;background_background&quot;:&quot;classic&quot;}\">\n\t\t\t\t\t\t<div class=\"elementor-container elementor-column-gap-default\">\n\t\t\t\t\t<div class=\"elementor-column elementor-col-100 elementor-top-column elementor-element elementor-element-2cfbb51\" data-id=\"2cfbb51\" data-element_type=\"column\">\n\t\t\t<div class=\"elementor-widget-wrap elementor-element-populated\">\n\t\t\t\t\t\t<div class=\"elementor-element elementor-element-ff9ba43 elementor-widget elementor-widget-heading\" data-id=\"ff9ba43\" data-element_type=\"widget\" data-widget_type=\"heading.default\">\n\t\t\t\t<div class=\"elementor-widget-container\">\n\t\t\t\t\t<h2 class=\"elementor-heading-title elementor-size-default\">Droit d'auteur<\/h2>\t\t\t\t<\/div>\n\t\t\t\t<\/div>\n\t\t\t\t<div class=\"elementor-element elementor-element-8428aea elementor-widget elementor-widget-text-editor\" data-id=\"8428aea\" data-element_type=\"widget\" data-widget_type=\"text-editor.default\">\n\t\t\t\t<div class=\"elementor-widget-container\">\n\t\t\t\t\t\t\t\t\t<p>Les contenus et \u0153uvres cr\u00e9\u00e9s par les exploitants du site sur ces pages sont soumis au droit d&#8217;auteur allemand. La reproduction, le traitement, la diffusion et toute forme d&#8217;exploitation en dehors des limites du droit d&#8217;auteur n\u00e9cessitent l&#8217;accord \u00e9crit de l&#8217;auteur ou du cr\u00e9ateur respectif. Les t\u00e9l\u00e9chargements et copies de cette page ne sont autoris\u00e9s que pour un usage priv\u00e9 et non commercial.  <\/p><p>Dans la mesure o\u00f9 les contenus de cette page n&#8217;ont pas \u00e9t\u00e9 cr\u00e9\u00e9s par l&#8217;exploitant, les droits d&#8217;auteur de tiers sont respect\u00e9s. En particulier, les contenus de tiers sont identifi\u00e9s comme tels. Si vous deviez n\u00e9anmoins constater une violation du droit d&#8217;auteur, nous vous prions de nous en informer. D\u00e8s que nous aurons connaissance de violations du droit, nous supprimerons imm\u00e9diatement de tels contenus.   <\/p>\t\t\t\t\t\t\t\t<\/div>\n\t\t\t\t<\/div>\n\t\t\t\t<div class=\"elementor-element elementor-element-7e43720 elementor-widget elementor-widget-spacer\" data-id=\"7e43720\" data-element_type=\"widget\" data-widget_type=\"spacer.default\">\n\t\t\t\t<div class=\"elementor-widget-container\">\n\t\t\t\t\t\t\t<div class=\"elementor-spacer\">\n\t\t\t<div class=\"elementor-spacer-inner\"><\/div>\n\t\t<\/div>\n\t\t\t\t\t\t<\/div>\n\t\t\t\t<\/div>\n\t\t\t\t\t<\/div>\n\t\t<\/div>\n\t\t\t\t\t<\/div>\n\t\t<\/section>\n\t\t\t\t<\/div>\n\t\t","protected":false},"excerpt":{"rendered":"<p>Mentions l\u00e9gales &#8211; Tachoreperatur24.com GmbH Informations conform\u00e9ment au \u00a7 5 TMG : Johann Schuster Ysenburgerstr.6 63607 W\u00e4chtersbach Contact : T\u00e9l\u00e9phone : 06053-8097343 E-mail : info@tachoreperatur24.com Repr\u00e9sent\u00e9 par : Johann Schuster Inscription au registre : Inscription au registre du commerce. Tribunal d&#8217;enregistrement : Hanau Num\u00e9ro d&#8217;enregistrement : 95540 TVA : Num\u00e9ro d&#8217;identification TVA conform\u00e9ment au \u00a727 [&hellip;]<\/p>\n","protected":false},"author":1,"featured_media":0,"parent":0,"menu_order":0,"comment_status":"closed","ping_status":"closed","template":"","meta":{"footnotes":""},"class_list":["post-7861","page","type-page","status-publish","hentry"],"_links":{"self":[{"href":"https:\/\/agrielektronik24.de\/fr\/wp-json\/wp\/v2\/pages\/7861","targetHints":{"allow":["GET"]}}],"collection":[{"href":"https:\/\/agrielektronik24.de\/fr\/wp-json\/wp\/v2\/pages"}],"about":[{"href":"https:\/\/agrielektronik24.de\/fr\/wp-json\/wp\/v2\/types\/page"}],"author":[{"embeddable":true,"href":"https:\/\/agrielektronik24.de\/fr\/wp-json\/wp\/v2\/users\/1"}],"replies":[{"embeddable":true,"href":"https:\/\/agrielektronik24.de\/fr\/wp-json\/wp\/v2\/comments?post=7861"}],"version-history":[{"count":2,"href":"https:\/\/agrielektronik24.de\/fr\/wp-json\/wp\/v2\/pages\/7861\/revisions"}],"predecessor-version":[{"id":11664,"href":"https:\/\/agrielektronik24.de\/fr\/wp-json\/wp\/v2\/pages\/7861\/revisions\/11664"}],"wp:attachment":[{"href":"https:\/\/agrielektronik24.de\/fr\/wp-json\/wp\/v2\/media?parent=7861"}],"curies":[{"name":"wp","href":"https:\/\/api.w.org\/{rel}","templated":true}]}}